{"id":169,"date":"2025-01-07T13:20:03","date_gmt":"2025-01-07T13:20:03","guid":{"rendered":"https:\/\/premiumpropertiescyprus.com\/?page_id=169"},"modified":"2025-04-24T11:24:05","modified_gmt":"2025-04-24T11:24:05","slug":"impressum","status":"publish","type":"page","link":"https:\/\/premiumpropertiescyprus.com\/?page_id=169","title":{"rendered":"Impressum"},"content":{"rendered":"\t\t<div data-elementor-type=\"wp-page\" data-elementor-id=\"169\" class=\"elementor elementor-169\" data-elementor-post-type=\"page\">\n\t\t\t\t\t\t<section class=\"elementor-section elementor-top-section elementor-element elementor-element-89c0875 elementor-section-full_width elementor-section-height-default elementor-section-height-default\" data-id=\"89c0875\" data-element_type=\"section\">\n\t\t\t\t\t\t<div class=\"elementor-container elementor-column-gap-default\">\n\t\t\t\t\t<div class=\"elementor-column elementor-col-16 elementor-top-column elementor-element elementor-element-f4d2688\" data-id=\"f4d2688\" data-element_type=\"column\">\n\t\t\t<div class=\"elementor-widget-wrap\">\n\t\t\t\t\t\t\t<\/div>\n\t\t<\/div>\n\t\t\t\t<div class=\"elementor-column elementor-col-66 elementor-top-column elementor-element elementor-element-32fda6c\" data-id=\"32fda6c\" data-element_type=\"column\">\n\t\t\t<div class=\"elementor-widget-wrap elementor-element-populated\">\n\t\t\t\t\t\t<div class=\"elementor-element elementor-element-77d75a0 elementor-widget elementor-widget-heading\" data-id=\"77d75a0\" data-element_type=\"widget\" data-widget_type=\"heading.default\">\n\t\t\t\t<div class=\"elementor-widget-container\">\n\t\t\t\t\t<h3 class=\"elementor-heading-title elementor-size-default\">Impressum<\/h3>\t\t\t\t<\/div>\n\t\t\t\t<\/div>\n\t\t\t\t<div class=\"elementor-element elementor-element-932121a elementor-widget elementor-widget-text-editor\" data-id=\"932121a\" data-element_type=\"widget\" data-widget_type=\"text-editor.default\">\n\t\t\t\t<div class=\"elementor-widget-container\">\n\t\t\t\t\t\t\t\t\t<div class=\"elementor-element elementor-element-79908f1 elementor-widget elementor-widget-text-editor\" data-id=\"79908f1\" data-element_type=\"widget\" data-widget_type=\"text-editor.default\">\n<div class=\"elementor-widget-container\">\n\n<b>Angaben gem\u00e4\u00df \u00a7 5 TMG\u00a0<\/b>\n\n<\/div>\n<\/div>\n<div class=\"elementor-element elementor-element-b16f9d7 elementor-widget elementor-widget-text-editor\" data-id=\"b16f9d7\" data-element_type=\"widget\" data-widget_type=\"text-editor.default\">\n<div class=\"elementor-widget-container\">\n<p class=\"p1\"><b>PRIVEY Immobilien UG (haftungsbeschr\u00e4nkt)\n<\/b> Wakenitzstra\u00dfe 60\n23564 L\u00fcbeck\nDeutschland &#8211; Germany<\/p>\n<p class=\"p1\">Telefon: +49 451 58 53 20 11\nE-Mail: mw@privey.de<\/p>\n<p class=\"p1\"><b>Vertreten durch:\n<\/b> Michael Wei\u00df (Gesch\u00e4ftsf\u00fchrer)<\/p>\n<p class=\"p1\"><b>Registereintrag:\n<\/b> Eingetragen im Handelsregister <span class=\"s1\">Amtsgericht L\u00fcbeck HRB 25493 HL<\/span><\/p>\n<p class=\"p1\"><b>Umsatzsteuer-ID:\n<\/b><b><\/b><b><\/b>Steuer-Identifikationsnummer: <span class=\"s2\">22 295 50340<\/span><\/p>\n<p class=\"p1\"><b>Verantwortlich f\u00fcr den Inhalt nach \u00a7 55 Abs. 2 RStV:<\/b><\/p>\n<p class=\"p1\">Michael Wei\u00df\nWakenitzstra\u00dfe 60\n23564 L\u00fcbeck<\/p>\n<b>Kontakt<\/b>\n\n<\/div>\n<\/div>\n<div class=\"elementor-element elementor-element-444baab elementor-widget elementor-widget-text-editor\" data-id=\"444baab\" data-element_type=\"widget\" data-widget_type=\"text-editor.default\">\n<div class=\"elementor-widget-container\">\n\nE-Mail: contact@premiumpropertiescyprus.com\n\n<\/div>\n<\/div>\n<div class=\"elementor-element elementor-element-55a67d5 elementor-widget elementor-widget-text-editor\" data-id=\"55a67d5\" data-element_type=\"widget\" data-widget_type=\"text-editor.default\">\n<div class=\"elementor-widget-container\">\n\n<b>Haftung f\u00fcr Inhalte<\/b>\n\n<\/div>\n<\/div>\n<div class=\"elementor-element elementor-element-eb21a37 elementor-widget elementor-widget-text-editor\" data-id=\"eb21a37\" data-element_type=\"widget\" data-widget_type=\"text-editor.default\">\n<div class=\"elementor-widget-container\">\n\nAls Diensteanbieter sind wir gem\u00e4\u00df \u00a7 7 Abs.1 TMG f\u00fcr eigene Inhalte auf diesen Seiten nach den allgemeinen Gesetzen verantwortlich. Nach \u00a7\u00a7 8 bis 10 TMG sind wir als Diensteanbieter jedoch nicht verpflichtet, \u00fcbermittelte oder gespeicherte fremde Informationen zu \u00fcberwachen oder nach Umst\u00e4nden zu forschen, die auf eine rechtswidrige T\u00e4tigkeit hinweisen.\n\nVerpflichtungen zur Entfernung oder Sperrung der Nutzung von Informationen nach den allgemeinen Gesetzen bleiben hiervon unber\u00fchrt. Eine diesbez\u00fcgliche Haftung ist jedoch erst ab dem Zeitpunkt der Kenntnis einer konkreten Rechtsverletzung m\u00f6glich. Bei Bekanntwerden von entsprechenden Rechtsverletzungen werden wir diese Inhalte umgehend entfernen.\n\n<\/div>\n<\/div>\n<div class=\"elementor-element elementor-element-a2de6d7 elementor-widget elementor-widget-text-editor\" data-id=\"a2de6d7\" data-element_type=\"widget\" data-widget_type=\"text-editor.default\">\n<div class=\"elementor-widget-container\">\n\n<b>Haftung f\u00fcr Links<\/b>\n\n<\/div>\n<\/div>\n<div class=\"elementor-element elementor-element-01cc629 elementor-widget elementor-widget-text-editor\" data-id=\"01cc629\" data-element_type=\"widget\" data-widget_type=\"text-editor.default\">\n<div class=\"elementor-widget-container\">\n\nUnser Angebot enth\u00e4lt Links zu externen Websites Dritter, auf deren Inhalte wir keinen Einfluss haben. Deshalb k\u00f6nnen wir f\u00fcr diese fremden Inhalte auch keine Gew\u00e4hr \u00fcbernehmen. F\u00fcr die Inhalte der verlinkten Seiten ist stets der jeweilige Anbieter oder Betreiber der Seiten verantwortlich.\n\nDie verlinkten Seiten wurden zum Zeitpunkt der Verlinkung auf m\u00f6gliche Rechtsverst\u00f6\u00dfe \u00fcberpr\u00fcft. Rechtswidrige Inhalte waren zum Zeitpunkt der Verlinkung nicht erkennbar. Eine permanente inhaltliche Kontrolle der verlinkten Seiten ist jedoch ohne konkrete Anhaltspunkte einer Rechtsverletzung nicht zumutbar. Bei Bekanntwerden von Rechtsverletzungen werden wir derartige Links umgehend entfernen.\n\n<\/div>\n<\/div>\n<div class=\"elementor-element elementor-element-ae5d7a1 elementor-widget elementor-widget-text-editor\" data-id=\"ae5d7a1\" data-element_type=\"widget\" data-widget_type=\"text-editor.default\">\n<div class=\"elementor-widget-container\">\n\n<b>Urheberrecht<\/b>\n\n<\/div>\n<\/div>\n<div class=\"elementor-element elementor-element-62da23f elementor-widget elementor-widget-text-editor\" data-id=\"62da23f\" data-element_type=\"widget\" data-widget_type=\"text-editor.default\">\n<div class=\"elementor-widget-container\">\n\nDie durch die Seitenbetreiber erstellten Inhalte und Werke auf diesen Seiten unterliegen dem deutschen Urheberrecht. Die Vervielf\u00e4ltigung, Bearbeitung, Verbreitung und jede Art der Verwertung au\u00dferhalb der Grenzen des Urheberrechtes bed\u00fcrfen der schriftlichen Zustimmung des jeweiligen Autors bzw. Erstellers. Downloads und Kopien dieser Seite sind nur f\u00fcr den privaten, nicht kommerziellen Gebrauch gestattet.\n\nSoweit die Inhalte auf dieser Seite nicht vom Betreiber erstellt wurden, werden die Urheberrechte Dritter beachtet. Insbesondere werden Inhalte Dritter als solche gekennzeichnet. Sollten Sie trotzdem auf eine Urheberrechtsverletzung aufmerksam werden, bitten wir um einen entsprechenden Hinweis. Bei Bekanntwerden von Rechtsverletzungen werden wir derartige Inhalte umgehend entfernen.\n\n<\/div>\n<\/div>\t\t\t\t\t\t\t\t<\/div>\n\t\t\t\t<\/div>\n\t\t\t\t\t<\/div>\n\t\t<\/div>\n\t\t\t\t<div class=\"elementor-column elementor-col-16 elementor-top-column elementor-element elementor-element-b3126c9\" data-id=\"b3126c9\" data-element_type=\"column\">\n\t\t\t<div class=\"elementor-widget-wrap\">\n\t\t\t\t\t\t\t<\/div>\n\t\t<\/div>\n\t\t\t\t\t<\/div>\n\t\t<\/section>\n\t\t\t\t<\/div>\n\t\t","protected":false},"excerpt":{"rendered":"<p>Impressum Angaben gem\u00e4\u00df \u00a7 5 TMG\u00a0 PRIVEY Immobilien UG (haftungsbeschr\u00e4nkt) Wakenitzstra\u00dfe 60 23564 L\u00fcbeck Deutschland &#8211; Germany Telefon: +49 451 [&hellip;]<\/p>\n","protected":false},"author":1,"featured_media":0,"parent":0,"menu_order":0,"comment_status":"closed","ping_status":"closed","template":"","meta":{"site-sidebar-layout":"no-sidebar","site-content-layout":"","ast-site-content-layout":"full-width-container","site-content-style":"default","site-sidebar-style":"default","ast-global-header-display":"","ast-banner-title-visibility":"","ast-main-header-display":"","ast-hfb-above-header-display":"","ast-hfb-below-header-display":"","ast-hfb-mobile-header-display":"","site-post-title":"disabled","ast-breadcrumbs-content":"","ast-featured-img":"disabled","footer-sml-layout":"","theme-transparent-header-meta":"","adv-header-id-meta":"","stick-header-meta":"","header-above-stick-meta":"","header-main-stick-meta":"","header-below-stick-meta":"","astra-migrate-meta-layouts":"default","ast-page-background-enabled":"default","ast-page-background-meta":{"desktop":{"background-color":"var(--ast-global-color-5)","background-image":"","background-repeat":"repeat","background-position":"center center","background-size":"auto","background-attachment":"scroll","background-type":"","background-media":"","overlay-type":"","overlay-color":"","overlay-opacity":"","overlay-gradient":""},"tablet":{"background-color":"","background-image":"","background-repeat":"repeat","background-position":"center center","background-size":"auto","background-attachment":"scroll","background-type":"","background-media":"","overlay-type":"","overlay-color":"","overlay-opacity":"","overlay-gradient":""},"mobile":{"background-color":"","background-image":"","background-repeat":"repeat","background-position":"center center","background-size":"auto","background-attachment":"scroll","background-type":"","background-media":"","overlay-type":"","overlay-color":"","overlay-opacity":"","overlay-gradient":""}},"ast-content-background-meta":{"desktop":{"background-color":"var(--ast-global-color-4)","background-image":"","background-repeat":"repeat","background-position":"center center","background-size":"auto","background-attachment":"scroll","background-type":"","background-media":"","overlay-type":"","overlay-color":"","overlay-opacity":"","overlay-gradient":""},"tablet":{"background-color":"var(--ast-global-color-4)","background-image":"","background-repeat":"repeat","background-position":"center center","background-size":"auto","background-attachment":"scroll","background-type":"","background-media":"","overlay-type":"","overlay-color":"","overlay-opacity":"","overlay-gradient":""},"mobile":{"background-color":"var(--ast-global-color-4)","background-image":"","background-repeat":"repeat","background-position":"center center","background-size":"auto","background-attachment":"scroll","background-type":"","background-media":"","overlay-type":"","overlay-color":"","overlay-opacity":"","overlay-gradient":""}},"footnotes":""},"class_list":["post-169","page","type-page","status-publish","hentry"],"yoast_head":"<!-- This site is optimized with the Yoast SEO plugin v24.9 - https:\/\/yoast.com\/wordpress\/plugins\/seo\/ -->\n<title>Impressum - Enjoy the luxurious spirit of Cyprus with the best views on the island.<\/title>\n<meta name=\"robots\" content=\"index, follow, max-snippet:-1, max-image-preview:large, max-video-preview:-1\" \/>\n<link rel=\"canonical\" href=\"https:\/\/premiumpropertiescyprus.com\/?page_id=169\" \/>\n<meta property=\"og:locale\" content=\"de_DE\" \/>\n<meta property=\"og:type\" content=\"article\" \/>\n<meta property=\"og:title\" content=\"Impressum - Enjoy the luxurious spirit of Cyprus with the best views on the island.\" \/>\n<meta property=\"og:description\" content=\"Impressum Angaben gem\u00e4\u00df \u00a7 5 TMG\u00a0 PRIVEY Immobilien UG (haftungsbeschr\u00e4nkt) Wakenitzstra\u00dfe 60 23564 L\u00fcbeck Deutschland &#8211; Germany Telefon: +49 451 [&hellip;]\" \/>\n<meta property=\"og:url\" content=\"https:\/\/premiumpropertiescyprus.com\/?page_id=169\" \/>\n<meta property=\"og:site_name\" content=\"Enjoy the luxurious spirit of Cyprus with the best views on the island.\" \/>\n<meta property=\"article:modified_time\" content=\"2025-04-24T11:24:05+00:00\" \/>\n<meta name=\"twitter:card\" content=\"summary_large_image\" \/>\n<meta name=\"twitter:label1\" content=\"Gesch\u00e4tzte Lesezeit\" \/>\n\t<meta name=\"twitter:data1\" content=\"4\u00a0Minuten\" \/>\n<script type=\"application\/ld+json\" class=\"yoast-schema-graph\">{\"@context\":\"https:\/\/schema.org\",\"@graph\":[{\"@type\":\"WebPage\",\"@id\":\"https:\/\/premiumpropertiescyprus.com\/?page_id=169\",\"url\":\"https:\/\/premiumpropertiescyprus.com\/?page_id=169\",\"name\":\"Impressum - Enjoy the luxurious spirit of Cyprus with the best views on the island.\",\"isPartOf\":{\"@id\":\"https:\/\/premiumpropertiescyprus.com\/#website\"},\"datePublished\":\"2025-01-07T13:20:03+00:00\",\"dateModified\":\"2025-04-24T11:24:05+00:00\",\"breadcrumb\":{\"@id\":\"https:\/\/premiumpropertiescyprus.com\/?page_id=169#breadcrumb\"},\"inLanguage\":\"de\",\"potentialAction\":[{\"@type\":\"ReadAction\",\"target\":[\"https:\/\/premiumpropertiescyprus.com\/?page_id=169\"]}]},{\"@type\":\"BreadcrumbList\",\"@id\":\"https:\/\/premiumpropertiescyprus.com\/?page_id=169#breadcrumb\",\"itemListElement\":[{\"@type\":\"ListItem\",\"position\":1,\"name\":\"Home\",\"item\":\"https:\/\/premiumpropertiescyprus.com\/\"},{\"@type\":\"ListItem\",\"position\":2,\"name\":\"Impressum\"}]},{\"@type\":\"WebSite\",\"@id\":\"https:\/\/premiumpropertiescyprus.com\/#website\",\"url\":\"https:\/\/premiumpropertiescyprus.com\/\",\"name\":\"Enjoy the luxurious spirit of Cyprus with the best views on the island.\",\"description\":\"\",\"publisher\":{\"@id\":\"https:\/\/premiumpropertiescyprus.com\/#organization\"},\"potentialAction\":[{\"@type\":\"SearchAction\",\"target\":{\"@type\":\"EntryPoint\",\"urlTemplate\":\"https:\/\/premiumpropertiescyprus.com\/?s={search_term_string}\"},\"query-input\":{\"@type\":\"PropertyValueSpecification\",\"valueRequired\":true,\"valueName\":\"search_term_string\"}}],\"inLanguage\":\"de\"},{\"@type\":\"Organization\",\"@id\":\"https:\/\/premiumpropertiescyprus.com\/#organization\",\"name\":\"Enjoy the luxurious spirit of Cyprus with the best views on the island.\",\"url\":\"https:\/\/premiumpropertiescyprus.com\/\",\"logo\":{\"@type\":\"ImageObject\",\"inLanguage\":\"de\",\"@id\":\"https:\/\/premiumpropertiescyprus.com\/#\/schema\/logo\/image\/\",\"url\":\"https:\/\/premiumpropertiescyprus.com\/wp-content\/uploads\/2025\/04\/premiumpropertiescyprus.png\",\"contentUrl\":\"https:\/\/premiumpropertiescyprus.com\/wp-content\/uploads\/2025\/04\/premiumpropertiescyprus.png\",\"caption\":\"Enjoy the luxurious spirit of Cyprus with the best views on the island.\"},\"image\":{\"@id\":\"https:\/\/premiumpropertiescyprus.com\/#\/schema\/logo\/image\/\"}}]}<\/script>\n<!-- \/ Yoast SEO plugin. -->","yoast_head_json":{"title":"Impressum - Enjoy the luxurious spirit of Cyprus with the best views on the island.","robots":{"index":"index","follow":"follow","max-snippet":"max-snippet:-1","max-image-preview":"max-image-preview:large","max-video-preview":"max-video-preview:-1"},"canonical":"https:\/\/premiumpropertiescyprus.com\/?page_id=169","og_locale":"de_DE","og_type":"article","og_title":"Impressum - Enjoy the luxurious spirit of Cyprus with the best views on the island.","og_description":"Impressum Angaben gem\u00e4\u00df \u00a7 5 TMG\u00a0 PRIVEY Immobilien UG (haftungsbeschr\u00e4nkt) Wakenitzstra\u00dfe 60 23564 L\u00fcbeck Deutschland &#8211; Germany Telefon: +49 451 [&hellip;]","og_url":"https:\/\/premiumpropertiescyprus.com\/?page_id=169","og_site_name":"Enjoy the luxurious spirit of Cyprus with the best views on the island.","article_modified_time":"2025-04-24T11:24:05+00:00","twitter_card":"summary_large_image","twitter_misc":{"Gesch\u00e4tzte Lesezeit":"4\u00a0Minuten"},"schema":{"@context":"https:\/\/schema.org","@graph":[{"@type":"WebPage","@id":"https:\/\/premiumpropertiescyprus.com\/?page_id=169","url":"https:\/\/premiumpropertiescyprus.com\/?page_id=169","name":"Impressum - Enjoy the luxurious spirit of Cyprus with the best views on the island.","isPartOf":{"@id":"https:\/\/premiumpropertiescyprus.com\/#website"},"datePublished":"2025-01-07T13:20:03+00:00","dateModified":"2025-04-24T11:24:05+00:00","breadcrumb":{"@id":"https:\/\/premiumpropertiescyprus.com\/?page_id=169#breadcrumb"},"inLanguage":"de","potentialAction":[{"@type":"ReadAction","target":["https:\/\/premiumpropertiescyprus.com\/?page_id=169"]}]},{"@type":"BreadcrumbList","@id":"https:\/\/premiumpropertiescyprus.com\/?page_id=169#breadcrumb","itemListElement":[{"@type":"ListItem","position":1,"name":"Home","item":"https:\/\/premiumpropertiescyprus.com\/"},{"@type":"ListItem","position":2,"name":"Impressum"}]},{"@type":"WebSite","@id":"https:\/\/premiumpropertiescyprus.com\/#website","url":"https:\/\/premiumpropertiescyprus.com\/","name":"Enjoy the luxurious spirit of Cyprus with the best views on the island.","description":"","publisher":{"@id":"https:\/\/premiumpropertiescyprus.com\/#organization"},"potentialAction":[{"@type":"SearchAction","target":{"@type":"EntryPoint","urlTemplate":"https:\/\/premiumpropertiescyprus.com\/?s={search_term_string}"},"query-input":{"@type":"PropertyValueSpecification","valueRequired":true,"valueName":"search_term_string"}}],"inLanguage":"de"},{"@type":"Organization","@id":"https:\/\/premiumpropertiescyprus.com\/#organization","name":"Enjoy the luxurious spirit of Cyprus with the best views on the island.","url":"https:\/\/premiumpropertiescyprus.com\/","logo":{"@type":"ImageObject","inLanguage":"de","@id":"https:\/\/premiumpropertiescyprus.com\/#\/schema\/logo\/image\/","url":"https:\/\/premiumpropertiescyprus.com\/wp-content\/uploads\/2025\/04\/premiumpropertiescyprus.png","contentUrl":"https:\/\/premiumpropertiescyprus.com\/wp-content\/uploads\/2025\/04\/premiumpropertiescyprus.png","caption":"Enjoy the luxurious spirit of Cyprus with the best views on the island."},"image":{"@id":"https:\/\/premiumpropertiescyprus.com\/#\/schema\/logo\/image\/"}}]}},"_links":{"self":[{"href":"https:\/\/premiumpropertiescyprus.com\/index.php?rest_route=\/wp\/v2\/pages\/169","targetHints":{"allow":["GET"]}}],"collection":[{"href":"https:\/\/premiumpropertiescyprus.com\/index.php?rest_route=\/wp\/v2\/pages"}],"about":[{"href":"https:\/\/premiumpropertiescyprus.com\/index.php?rest_route=\/wp\/v2\/types\/page"}],"author":[{"embeddable":true,"href":"https:\/\/premiumpropertiescyprus.com\/index.php?rest_route=\/wp\/v2\/users\/1"}],"replies":[{"embeddable":true,"href":"https:\/\/premiumpropertiescyprus.com\/index.php?rest_route=%2Fwp%2Fv2%2Fcomments&post=169"}],"version-history":[{"count":81,"href":"https:\/\/premiumpropertiescyprus.com\/index.php?rest_route=\/wp\/v2\/pages\/169\/revisions"}],"predecessor-version":[{"id":558,"href":"https:\/\/premiumpropertiescyprus.com\/index.php?rest_route=\/wp\/v2\/pages\/169\/revisions\/558"}],"wp:attachment":[{"href":"https:\/\/premiumpropertiescyprus.com\/index.php?rest_route=%2Fwp%2Fv2%2Fmedia&parent=169"}],"curies":[{"name":"wp","href":"https:\/\/api.w.org\/{rel}","templated":true}]}}