{"id":173,"date":"2025-01-07T13:21:12","date_gmt":"2025-01-07T13:21:12","guid":{"rendered":"https:\/\/premiumpropertiescyprus.com\/?page_id=173"},"modified":"2025-04-24T11:22:46","modified_gmt":"2025-04-24T11:22:46","slug":"datenschutzerklarung","status":"publish","type":"page","link":"https:\/\/premiumpropertiescyprus.com\/?page_id=173","title":{"rendered":"Datenschutzerkl\u00e4rung"},"content":{"rendered":"\t\t<div data-elementor-type=\"wp-page\" data-elementor-id=\"173\" class=\"elementor elementor-173\" data-elementor-post-type=\"page\">\n\t\t\t\t\t\t<section class=\"elementor-section elementor-top-section elementor-element elementor-element-8df6990 elementor-section-full_width elementor-section-height-default elementor-section-height-default\" data-id=\"8df6990\" data-element_type=\"section\">\n\t\t\t\t\t\t<div class=\"elementor-container elementor-column-gap-default\">\n\t\t\t\t\t<div class=\"elementor-column elementor-col-16 elementor-top-column elementor-element elementor-element-0df57ca\" data-id=\"0df57ca\" data-element_type=\"column\">\n\t\t\t<div class=\"elementor-widget-wrap\">\n\t\t\t\t\t\t\t<\/div>\n\t\t<\/div>\n\t\t\t\t<div class=\"elementor-column elementor-col-66 elementor-top-column elementor-element elementor-element-c2cd68d\" data-id=\"c2cd68d\" data-element_type=\"column\">\n\t\t\t<div class=\"elementor-widget-wrap elementor-element-populated\">\n\t\t\t\t\t\t<div class=\"elementor-element elementor-element-6df496b elementor-widget elementor-widget-heading\" data-id=\"6df496b\" data-element_type=\"widget\" data-widget_type=\"heading.default\">\n\t\t\t\t<div class=\"elementor-widget-container\">\n\t\t\t\t\t<h3 class=\"elementor-heading-title elementor-size-default\">Datenschutz<\/h3>\t\t\t\t<\/div>\n\t\t\t\t<\/div>\n\t\t\t\t<div class=\"elementor-element elementor-element-48f99cd elementor-widget elementor-widget-text-editor\" data-id=\"48f99cd\" data-element_type=\"widget\" data-widget_type=\"text-editor.default\">\n\t\t\t\t<div class=\"elementor-widget-container\">\n\t\t\t\t\t\t\t\t\t<p class=\"p1\"><b>Datenschutzerkl\u00e4rung<\/b><\/p>\n<p class=\"p2\"><b>1. Allgemeine Hinweise und Pflichtinformationen<\/b><\/p>\n<p class=\"p3\"><b>Datenschutz<\/b><\/p>\n<p class=\"p4\">Der Schutz Ihrer pers\u00f6nlichen Daten ist uns ein besonderes Anliegen. Wir behandeln Ihre personenbezogenen Daten vertraulich und entsprechend der gesetzlichen Datenschutzvorschriften sowie dieser Datenschutzerkl\u00e4rung.<\/p>\n<p class=\"p3\"><b>Verantwortliche Stelle<\/b><\/p>\n<p class=\"p5\">Die verantwortliche Stelle f\u00fcr die Datenverarbeitung auf dieser Website ist:<\/p>\n<p class=\"p5\"><b>PRIVEY Immobilien UG (haftungsbeschr\u00e4nkt)\n<\/b> Wakenitzstra\u00dfe 60\n23564 L\u00fcbeck\nDeutschland\nE-Mail: mw@privey.de\nTelefon: +49 <span class=\"s1\">451 \/ 58 53 20 11<\/span><\/p>\n<p class=\"p4\">Verantwortliche Stelle ist die nat\u00fcrliche oder juristische Person, die allein oder gemeinsam mit anderen \u00fcber die Zwecke und Mittel der Verarbeitung von personenbezogenen Daten entscheidet.<\/p>\n<p class=\"p3\"><b>Widerruf Ihrer Einwilligung zur Datenverarbeitung<\/b><\/p>\n<p class=\"p4\">Viele Datenverarbeitungsvorg\u00e4nge sind nur mit Ihrer ausdr\u00fccklichen Einwilligung m\u00f6glich. Sie k\u00f6nnen eine bereits erteilte Einwilligung jederzeit widerrufen. Die Rechtm\u00e4\u00dfigkeit der bis zum Widerruf erfolgten Datenverarbeitung bleibt vom Widerruf unber\u00fchrt.<\/p>\n<p class=\"p3\"><b>Beschwerderecht bei der zust\u00e4ndigen Aufsichtsbeh\u00f6rde<\/b><\/p>\n<p class=\"p5\">Im Falle datenschutzrechtlicher Verst\u00f6\u00dfe steht Ihnen ein Beschwerderecht bei der zust\u00e4ndigen Aufsichtsbeh\u00f6rde zu. Zust\u00e4ndige Aufsichtsbeh\u00f6rde ist:<\/p>\n<p class=\"p4\"><b>Unabh\u00e4ngiges Landeszentrum f\u00fcr Datenschutz Schleswig-Holstein (ULD)\n<\/b> Holstenstra\u00dfe 98\n24103 Kiel\nWeb:<a href=\"https:\/\/www.datenschutzzentrum.de\/\"> <span class=\"s2\">https:\/\/www.datenschutzzentrum.de<\/span><\/a><\/p>\n<p class=\"p3\"><b>Recht auf Daten\u00fcbertragbarkeit<\/b><\/p>\n<p class=\"p5\">Sie haben das Recht, Daten, die wir auf Grundlage Ihrer Einwilligung oder in Erf\u00fcllung eines Vertrags automatisiert verarbeiten, an sich oder an einen Dritten in einem g\u00e4ngigen, maschinenlesbaren Format aush\u00e4ndigen zu lassen.<\/p>\n<p class=\"p2\"><b>2. Datenerfassung auf unserer Website<\/b><\/p>\n<p class=\"p3\"><b>Server-Log-Dateien<\/b><\/p>\n<p class=\"p5\">Beim Besuch unserer Website erheben und speichern wir automatisch Informationen in sogenannten Server-Log-Dateien, die Ihr Browser automatisch an uns \u00fcbermittelt. Dies sind:<\/p>\n\n<ul class=\"ul1\">\n \t<li class=\"li7\">IP-Adresse<\/li>\n \t<li class=\"li7\">Datum und Uhrzeit der Anfrage<\/li>\n \t<li class=\"li7\">Name der aufgerufenen Datei<\/li>\n \t<li class=\"li7\">Referrer-URL (Website, von der aus Sie auf unsere Seite gelangt sind)<\/li>\n \t<li class=\"li7\">Browsertyp und Browserversion<\/li>\n \t<li class=\"li7\">verwendetes Betriebssystem<\/li>\n \t<li class=\"li5\">Hostname des zugreifenden Rechners<\/li>\n<\/ul>\n<p class=\"p5\"><b>Rechtsgrundlage:<\/b> Art. 6 Abs. 1 lit. f DSGVO\nUnser berechtigtes Interesse liegt in der technischen Stabilit\u00e4t und Sicherheit der Website.<\/p>\n<p class=\"p8\"><b>3. Cookies<\/b><\/p>\n<p class=\"p4\">Unsere Website verwendet Cookies. Cookies sind kleine Textdateien, die auf Ihrem Endger\u00e4t gespeichert werden und keine Sch\u00e4den verursachen. Einige Cookies sind essenziell, andere helfen uns, unsere Website zu verbessern.<\/p>\n<p class=\"p3\"><b>Cookie-Arten:<\/b><\/p>\n\n<ul class=\"ul1\">\n \t<li class=\"li7\"><b>Essenzielle Cookies:<\/b> erforderlich f\u00fcr den Betrieb der Website<\/li>\n \t<li class=\"li7\"><b>Statistik-Cookies:<\/b> helfen uns zu verstehen, wie Besucher mit der Website interagieren (z.\u202fB. Google Analytics)<\/li>\n \t<li class=\"li5\"><b>Marketing-Cookies:<\/b> k\u00f6nnen eingesetzt werden, um Besucher \u00fcber Websites hinweg zu verfolgen<\/li>\n<\/ul>\n<p class=\"p5\"><b>Rechtsgrundlage:<\/b><\/p>\n\n<ul class=\"ul1\">\n \t<li class=\"li7\">Notwendige Cookies: Art. 6 Abs. 1 lit. f DSGVO<\/li>\n \t<li class=\"li5\">Alle anderen: Art. 6 Abs. 1 lit. a DSGVO (Einwilligung)<\/li>\n<\/ul>\n<p class=\"p5\">Sie k\u00f6nnen Ihre Einwilligung \u00fcber unser Cookie-Banner jederzeit \u00e4ndern oder widerrufen.<\/p>\n<p class=\"p8\"><b>4. Kontaktformular<\/b><\/p>\n<p class=\"p5\">Wenn Sie uns per Formular Anfragen zukommen lassen, werden Ihre Angaben inklusive der von Ihnen angegebenen Kontaktdaten zur Bearbeitung gespeichert. Diese Daten geben wir nicht ohne Ihre Einwilligung weiter.<\/p>\n<p class=\"p5\"><b>Rechtsgrundlage:<\/b><\/p>\n\n<ul class=\"ul1\">\n \t<li class=\"li7\">Art. 6 Abs. 1 lit. b DSGVO (vorvertragliche Ma\u00dfnahme)<\/li>\n \t<li class=\"li5\">oder Art. 6 Abs. 1 lit. a DSGVO (Einwilligung)<\/li>\n<\/ul>\n<p class=\"p8\"><b>5. Google Analytics<\/b><\/p>\n<p class=\"p5\">Diese Website nutzt Google Analytics, einen Webanalysedienst der Google Ireland Limited, Gordon House, Barrow Street, Dublin 4, Irland.<\/p>\n<p class=\"p5\">Google Analytics verwendet Cookies, die eine Analyse der Benutzung der Website erm\u00f6glichen. Die durch Cookies erzeugten Informationen \u00fcber Ihre Benutzung dieser Website werden in der Regel an einen Server von Google in den USA \u00fcbertragen und dort gespeichert.<\/p>\n<p class=\"p5\">Wir haben die <b>IP-Anonymisierung<\/b> aktiviert. Ihre IP-Adresse wird von Google innerhalb der EU oder des EWR gek\u00fcrzt, bevor sie in die USA \u00fcbertragen wird.<\/p>\n<p class=\"p5\"><b>Zweck der Verarbeitung:\n<\/b> Analyse des Nutzerverhaltens zur Optimierung von Website und Marketing<\/p>\n<p class=\"p5\"><b>Rechtsgrundlage:\n<\/b> Art. 6 Abs. 1 lit. a DSGVO (Einwilligung)<\/p>\n<p class=\"p5\"><b>Widerspruch gegen Datenerfassung:\n<\/b> Sie k\u00f6nnen die Erfassung durch Google Analytics verhindern, indem Sie das folgende Browser-Plugin installieren:\n<a href=\"https:\/\/tools.google.com\/dlpage\/gaoptout?hl=de\"> <span class=\"s2\">https:\/\/tools.google.com\/dlpage\/gaoptout?hl=de<\/span><\/a><\/p>\n<p class=\"p9\"><span class=\"s3\"><b>Weitere Infos:\n<\/b> <a href=\"https:\/\/support.google.com\/analytics\/answer\/6004245?hl=de\"> <span class=\"s2\">https:\/\/support.google.com\/analytics\/answer\/6004245?hl=de<\/span><\/a><\/span><\/p>\n<p class=\"p8\"><b>6. SSL- bzw. TLS-Verschl\u00fcsselung<\/b><\/p>\n<p class=\"p5\">Diese Seite nutzt aus Sicherheitsgr\u00fcnden und zum Schutz der \u00dcbertragung vertraulicher Inhalte eine SSL-Verschl\u00fcsselung. Eine verschl\u00fcsselte Verbindung erkennen Sie daran, dass die Adresszeile des Browsers von \u201ehttp:\/\/\u201c auf \u201ehttps:\/\/\u201c wechselt.<\/p>\n<p class=\"p8\"><b>7. \u00c4nderungen dieser Datenschutzerkl\u00e4rung<\/b><\/p>\n<p class=\"p5\">Wir behalten uns vor, diese Datenschutzerkl\u00e4rung gelegentlich anzupassen. Die jeweils aktuelle Version finden Sie jederzeit auf dieser Seite.<\/p>\n<p class=\"p5\"><b>Letzte Aktualisierung:<\/b> 22. April 2025<\/p>\t\t\t\t\t\t\t\t<\/div>\n\t\t\t\t<\/div>\n\t\t\t\t\t<\/div>\n\t\t<\/div>\n\t\t\t\t<div class=\"elementor-column elementor-col-16 elementor-top-column elementor-element elementor-element-ebbcc09\" data-id=\"ebbcc09\" data-element_type=\"column\">\n\t\t\t<div class=\"elementor-widget-wrap\">\n\t\t\t\t\t\t\t<\/div>\n\t\t<\/div>\n\t\t\t\t\t<\/div>\n\t\t<\/section>\n\t\t\t\t<\/div>\n\t\t","protected":false},"excerpt":{"rendered":"<p>Datenschutz Datenschutzerkl\u00e4rung 1. Allgemeine Hinweise und Pflichtinformationen Datenschutz Der Schutz Ihrer pers\u00f6nlichen Daten ist uns ein besonderes Anliegen. Wir behandeln [&hellip;]<\/p>\n","protected":false},"author":1,"featured_media":0,"parent":0,"menu_order":0,"comment_status":"closed","ping_status":"closed","template":"","meta":{"site-sidebar-layout":"no-sidebar","site-content-layout":"","ast-site-content-layout":"full-width-container","site-content-style":"default","site-sidebar-style":"default","ast-global-header-display":"","ast-banner-title-visibility":"","ast-main-header-display":"","ast-hfb-above-header-display":"","ast-hfb-below-header-display":"","ast-hfb-mobile-header-display":"","site-post-title":"disabled","ast-breadcrumbs-content":"","ast-featured-img":"disabled","footer-sml-layout":"","theme-transparent-header-meta":"","adv-header-id-meta":"","stick-header-meta":"","header-above-stick-meta":"","header-main-stick-meta":"","header-below-stick-meta":"","astra-migrate-meta-layouts":"default","ast-page-background-enabled":"default","ast-page-background-meta":{"desktop":{"background-color":"var(--ast-global-color-5)","background-image":"","background-repeat":"repeat","background-position":"center center","background-size":"auto","background-attachment":"scroll","background-type":"","background-media":"","overlay-type":"","overlay-color":"","overlay-opacity":"","overlay-gradient":""},"tablet":{"background-color":"","background-image":"","background-repeat":"repeat","background-position":"center center","background-size":"auto","background-attachment":"scroll","background-type":"","background-media":"","overlay-type":"","overlay-color":"","overlay-opacity":"","overlay-gradient":""},"mobile":{"background-color":"","background-image":"","background-repeat":"repeat","background-position":"center center","background-size":"auto","background-attachment":"scroll","background-type":"","background-media":"","overlay-type":"","overlay-color":"","overlay-opacity":"","overlay-gradient":""}},"ast-content-background-meta":{"desktop":{"background-color":"var(--ast-global-color-4)","background-image":"","background-repeat":"repeat","background-position":"center center","background-size":"auto","background-attachment":"scroll","background-type":"","background-media":"","overlay-type":"","overlay-color":"","overlay-opacity":"","overlay-gradient":""},"tablet":{"background-color":"var(--ast-global-color-4)","background-image":"","background-repeat":"repeat","background-position":"center center","background-size":"auto","background-attachment":"scroll","background-type":"","background-media":"","overlay-type":"","overlay-color":"","overlay-opacity":"","overlay-gradient":""},"mobile":{"background-color":"var(--ast-global-color-4)","background-image":"","background-repeat":"repeat","background-position":"center center","background-size":"auto","background-attachment":"scroll","background-type":"","background-media":"","overlay-type":"","overlay-color":"","overlay-opacity":"","overlay-gradient":""}},"footnotes":""},"class_list":["post-173","page","type-page","status-publish","hentry"],"yoast_head":"<!-- This site is optimized with the Yoast SEO plugin v24.9 - https:\/\/yoast.com\/wordpress\/plugins\/seo\/ -->\n<title>Datenschutzerkl\u00e4rung - Enjoy the luxurious spirit of Cyprus with the best views on the island.<\/title>\n<meta name=\"robots\" content=\"index, follow, max-snippet:-1, max-image-preview:large, max-video-preview:-1\" \/>\n<link rel=\"canonical\" href=\"https:\/\/premiumpropertiescyprus.com\/?page_id=173\" \/>\n<meta property=\"og:locale\" content=\"de_DE\" \/>\n<meta property=\"og:type\" content=\"article\" \/>\n<meta property=\"og:title\" content=\"Datenschutzerkl\u00e4rung - Enjoy the luxurious spirit of Cyprus with the best views on the island.\" \/>\n<meta property=\"og:description\" content=\"Datenschutz Datenschutzerkl\u00e4rung 1. Allgemeine Hinweise und Pflichtinformationen Datenschutz Der Schutz Ihrer pers\u00f6nlichen Daten ist uns ein besonderes Anliegen. Wir behandeln [&hellip;]\" \/>\n<meta property=\"og:url\" content=\"https:\/\/premiumpropertiescyprus.com\/?page_id=173\" \/>\n<meta property=\"og:site_name\" content=\"Enjoy the luxurious spirit of Cyprus with the best views on the island.\" \/>\n<meta property=\"article:modified_time\" content=\"2025-04-24T11:22:46+00:00\" \/>\n<meta name=\"twitter:card\" content=\"summary_large_image\" \/>\n<meta name=\"twitter:label1\" content=\"Gesch\u00e4tzte Lesezeit\" \/>\n\t<meta name=\"twitter:data1\" content=\"4\u00a0Minuten\" \/>\n<script type=\"application\/ld+json\" class=\"yoast-schema-graph\">{\"@context\":\"https:\/\/schema.org\",\"@graph\":[{\"@type\":\"WebPage\",\"@id\":\"https:\/\/premiumpropertiescyprus.com\/?page_id=173\",\"url\":\"https:\/\/premiumpropertiescyprus.com\/?page_id=173\",\"name\":\"Datenschutzerkl\u00e4rung - Enjoy the luxurious spirit of Cyprus with the best views on the island.\",\"isPartOf\":{\"@id\":\"https:\/\/premiumpropertiescyprus.com\/#website\"},\"datePublished\":\"2025-01-07T13:21:12+00:00\",\"dateModified\":\"2025-04-24T11:22:46+00:00\",\"breadcrumb\":{\"@id\":\"https:\/\/premiumpropertiescyprus.com\/?page_id=173#breadcrumb\"},\"inLanguage\":\"de\",\"potentialAction\":[{\"@type\":\"ReadAction\",\"target\":[\"https:\/\/premiumpropertiescyprus.com\/?page_id=173\"]}]},{\"@type\":\"BreadcrumbList\",\"@id\":\"https:\/\/premiumpropertiescyprus.com\/?page_id=173#breadcrumb\",\"itemListElement\":[{\"@type\":\"ListItem\",\"position\":1,\"name\":\"Home\",\"item\":\"https:\/\/premiumpropertiescyprus.com\/\"},{\"@type\":\"ListItem\",\"position\":2,\"name\":\"Datenschutzerkl\u00e4rung\"}]},{\"@type\":\"WebSite\",\"@id\":\"https:\/\/premiumpropertiescyprus.com\/#website\",\"url\":\"https:\/\/premiumpropertiescyprus.com\/\",\"name\":\"Enjoy the luxurious spirit of Cyprus with the best views on the island.\",\"description\":\"\",\"publisher\":{\"@id\":\"https:\/\/premiumpropertiescyprus.com\/#organization\"},\"potentialAction\":[{\"@type\":\"SearchAction\",\"target\":{\"@type\":\"EntryPoint\",\"urlTemplate\":\"https:\/\/premiumpropertiescyprus.com\/?s={search_term_string}\"},\"query-input\":{\"@type\":\"PropertyValueSpecification\",\"valueRequired\":true,\"valueName\":\"search_term_string\"}}],\"inLanguage\":\"de\"},{\"@type\":\"Organization\",\"@id\":\"https:\/\/premiumpropertiescyprus.com\/#organization\",\"name\":\"Enjoy the luxurious spirit of Cyprus with the best views on the island.\",\"url\":\"https:\/\/premiumpropertiescyprus.com\/\",\"logo\":{\"@type\":\"ImageObject\",\"inLanguage\":\"de\",\"@id\":\"https:\/\/premiumpropertiescyprus.com\/#\/schema\/logo\/image\/\",\"url\":\"https:\/\/premiumpropertiescyprus.com\/wp-content\/uploads\/2025\/04\/premiumpropertiescyprus.png\",\"contentUrl\":\"https:\/\/premiumpropertiescyprus.com\/wp-content\/uploads\/2025\/04\/premiumpropertiescyprus.png\",\"caption\":\"Enjoy the luxurious spirit of Cyprus with the best views on the island.\"},\"image\":{\"@id\":\"https:\/\/premiumpropertiescyprus.com\/#\/schema\/logo\/image\/\"}}]}<\/script>\n<!-- \/ Yoast SEO plugin. -->","yoast_head_json":{"title":"Datenschutzerkl\u00e4rung - Enjoy the luxurious spirit of Cyprus with the best views on the island.","robots":{"index":"index","follow":"follow","max-snippet":"max-snippet:-1","max-image-preview":"max-image-preview:large","max-video-preview":"max-video-preview:-1"},"canonical":"https:\/\/premiumpropertiescyprus.com\/?page_id=173","og_locale":"de_DE","og_type":"article","og_title":"Datenschutzerkl\u00e4rung - Enjoy the luxurious spirit of Cyprus with the best views on the island.","og_description":"Datenschutz Datenschutzerkl\u00e4rung 1. Allgemeine Hinweise und Pflichtinformationen Datenschutz Der Schutz Ihrer pers\u00f6nlichen Daten ist uns ein besonderes Anliegen. Wir behandeln [&hellip;]","og_url":"https:\/\/premiumpropertiescyprus.com\/?page_id=173","og_site_name":"Enjoy the luxurious spirit of Cyprus with the best views on the island.","article_modified_time":"2025-04-24T11:22:46+00:00","twitter_card":"summary_large_image","twitter_misc":{"Gesch\u00e4tzte Lesezeit":"4\u00a0Minuten"},"schema":{"@context":"https:\/\/schema.org","@graph":[{"@type":"WebPage","@id":"https:\/\/premiumpropertiescyprus.com\/?page_id=173","url":"https:\/\/premiumpropertiescyprus.com\/?page_id=173","name":"Datenschutzerkl\u00e4rung - Enjoy the luxurious spirit of Cyprus with the best views on the island.","isPartOf":{"@id":"https:\/\/premiumpropertiescyprus.com\/#website"},"datePublished":"2025-01-07T13:21:12+00:00","dateModified":"2025-04-24T11:22:46+00:00","breadcrumb":{"@id":"https:\/\/premiumpropertiescyprus.com\/?page_id=173#breadcrumb"},"inLanguage":"de","potentialAction":[{"@type":"ReadAction","target":["https:\/\/premiumpropertiescyprus.com\/?page_id=173"]}]},{"@type":"BreadcrumbList","@id":"https:\/\/premiumpropertiescyprus.com\/?page_id=173#breadcrumb","itemListElement":[{"@type":"ListItem","position":1,"name":"Home","item":"https:\/\/premiumpropertiescyprus.com\/"},{"@type":"ListItem","position":2,"name":"Datenschutzerkl\u00e4rung"}]},{"@type":"WebSite","@id":"https:\/\/premiumpropertiescyprus.com\/#website","url":"https:\/\/premiumpropertiescyprus.com\/","name":"Enjoy the luxurious spirit of Cyprus with the best views on the island.","description":"","publisher":{"@id":"https:\/\/premiumpropertiescyprus.com\/#organization"},"potentialAction":[{"@type":"SearchAction","target":{"@type":"EntryPoint","urlTemplate":"https:\/\/premiumpropertiescyprus.com\/?s={search_term_string}"},"query-input":{"@type":"PropertyValueSpecification","valueRequired":true,"valueName":"search_term_string"}}],"inLanguage":"de"},{"@type":"Organization","@id":"https:\/\/premiumpropertiescyprus.com\/#organization","name":"Enjoy the luxurious spirit of Cyprus with the best views on the island.","url":"https:\/\/premiumpropertiescyprus.com\/","logo":{"@type":"ImageObject","inLanguage":"de","@id":"https:\/\/premiumpropertiescyprus.com\/#\/schema\/logo\/image\/","url":"https:\/\/premiumpropertiescyprus.com\/wp-content\/uploads\/2025\/04\/premiumpropertiescyprus.png","contentUrl":"https:\/\/premiumpropertiescyprus.com\/wp-content\/uploads\/2025\/04\/premiumpropertiescyprus.png","caption":"Enjoy the luxurious spirit of Cyprus with the best views on the island."},"image":{"@id":"https:\/\/premiumpropertiescyprus.com\/#\/schema\/logo\/image\/"}}]}},"_links":{"self":[{"href":"https:\/\/premiumpropertiescyprus.com\/index.php?rest_route=\/wp\/v2\/pages\/173","targetHints":{"allow":["GET"]}}],"collection":[{"href":"https:\/\/premiumpropertiescyprus.com\/index.php?rest_route=\/wp\/v2\/pages"}],"about":[{"href":"https:\/\/premiumpropertiescyprus.com\/index.php?rest_route=\/wp\/v2\/types\/page"}],"author":[{"embeddable":true,"href":"https:\/\/premiumpropertiescyprus.com\/index.php?rest_route=\/wp\/v2\/users\/1"}],"replies":[{"embeddable":true,"href":"https:\/\/premiumpropertiescyprus.com\/index.php?rest_route=%2Fwp%2Fv2%2Fcomments&post=173"}],"version-history":[{"count":54,"href":"https:\/\/premiumpropertiescyprus.com\/index.php?rest_route=\/wp\/v2\/pages\/173\/revisions"}],"predecessor-version":[{"id":555,"href":"https:\/\/premiumpropertiescyprus.com\/index.php?rest_route=\/wp\/v2\/pages\/173\/revisions\/555"}],"wp:attachment":[{"href":"https:\/\/premiumpropertiescyprus.com\/index.php?rest_route=%2Fwp%2Fv2%2Fmedia&parent=173"}],"curies":[{"name":"wp","href":"https:\/\/api.w.org\/{rel}","templated":true}]}}