{"id":440,"date":"2025-04-24T08:06:42","date_gmt":"2025-04-24T08:06:42","guid":{"rendered":"https:\/\/premiumpropertiescyprus.com\/?page_id=440"},"modified":"2025-05-05T06:31:07","modified_gmt":"2025-05-05T06:31:07","slug":"about","status":"publish","type":"page","link":"https:\/\/premiumpropertiescyprus.com\/?page_id=440","title":{"rendered":"About"},"content":{"rendered":"\t\t<div data-elementor-type=\"wp-page\" data-elementor-id=\"440\" class=\"elementor elementor-440\" data-elementor-post-type=\"page\">\n\t\t\t\t\t\t<section class=\"elementor-section elementor-top-section elementor-element elementor-element-e16a0b7 elementor-section-full_width elementor-hidden-mobile_extra elementor-hidden-mobile elementor-section-height-default elementor-section-height-default\" data-id=\"e16a0b7\" data-element_type=\"section\">\n\t\t\t\t\t\t<div class=\"elementor-container elementor-column-gap-default\">\n\t\t\t\t\t<div class=\"elementor-column elementor-col-16 elementor-top-column elementor-element elementor-element-7877320\" data-id=\"7877320\" data-element_type=\"column\">\n\t\t\t<div class=\"elementor-widget-wrap\">\n\t\t\t\t\t\t\t<\/div>\n\t\t<\/div>\n\t\t\t\t<div class=\"elementor-column elementor-col-66 elementor-top-column elementor-element elementor-element-5c36ae5\" data-id=\"5c36ae5\" data-element_type=\"column\">\n\t\t\t<div class=\"elementor-widget-wrap elementor-element-populated\">\n\t\t\t\t\t\t<div class=\"elementor-element elementor-element-30832b0 elementor-widget elementor-widget-heading\" data-id=\"30832b0\" data-element_type=\"widget\" data-widget_type=\"heading.default\">\n\t\t\t\t<div class=\"elementor-widget-container\">\n\t\t\t\t\t<h2 class=\"elementor-heading-title elementor-size-default\">Enjoy the luxurious spirit of Cyprus with the best views on the island.<\/h2>\t\t\t\t<\/div>\n\t\t\t\t<\/div>\n\t\t\t\t<div class=\"elementor-element elementor-element-1820335 elementor-widget elementor-widget-text-editor\" data-id=\"1820335\" data-element_type=\"widget\" data-widget_type=\"text-editor.default\">\n\t\t\t\t<div class=\"elementor-widget-container\">\n\t\t\t\t\t\t\t\t\t<p class=\"\" data-start=\"0\" data-end=\"361\">Im Herzen des \u00f6stlichen Mittelmeers offenbart Zypern ein seltenes Juwel luxuri\u00f6sen Landlebens: exklusive Anwesen, die landwirtschaftlichen Charme mit erstklassigem Komfort vereinen. Eingebettet in sanfte H\u00fcgellandschaften, umgeben von duftenden Zitrushainen und Olivenb\u00e4umen, pr\u00e4sentieren sich diese Immobilien als wahre Refugien f\u00fcr Kenner erlesener Lebensart.<\/p><p class=\"\" data-start=\"363\" data-end=\"725\">Jedes Anwesen verf\u00fcgt \u00fcber eine eigene, autarke Farm \u2013 biologisch bewirtschaftet, mit ertragreichen Feldern und gepflegten Stallungen. Erg\u00e4nzt wird dieses Ensemble durch einen privaten Zimmerservice, der sich diskret, jedoch aufmerksam, um jedes Bed\u00fcrfnis k\u00fcmmert \u2013 sei es ein Fr\u00fchst\u00fcck im Rosengarten oder ein ma\u00dfgeschneidertes Abendessen unter dem Sternenzelt.<\/p><p class=\"\" data-start=\"727\" data-end=\"1040\">Die wahren Kronjuwelen dieser Domizile sind jedoch die Sonnenunterg\u00e4nge: ein Schauspiel von Gold, Purpur und Azur, das sich Abend f\u00fcr Abend \u00fcber die Weiten des Meeres ergie\u00dft. Von gro\u00dfz\u00fcgigen Terrassen oder Infinity-Pools aus erlebt man das Lichtspiel in vollkommener Stille \u2013 ein meditativer Luxus fern der Welt.<\/p><p class=\"\" data-start=\"1042\" data-end=\"1280\">Diese Anwesen sind keine reinen Immobilien, sie sind ein Versprechen: von Urspr\u00fcnglichkeit, von Noblesse, von einem Leben im Einklang mit Natur und \u00c4sthetik. Ein Zuhause f\u00fcr jene, die das Au\u00dfergew\u00f6hnliche suchen \u2013 und es gefunden haben.<\/p>\t\t\t\t\t\t\t\t<\/div>\n\t\t\t\t<\/div>\n\t\t\t\t\t<\/div>\n\t\t<\/div>\n\t\t\t\t<div class=\"elementor-column elementor-col-16 elementor-top-column elementor-element elementor-element-befc192\" data-id=\"befc192\" data-element_type=\"column\">\n\t\t\t<div class=\"elementor-widget-wrap\">\n\t\t\t\t\t\t\t<\/div>\n\t\t<\/div>\n\t\t\t\t\t<\/div>\n\t\t<\/section>\n\t\t\t\t<section class=\"elementor-section elementor-top-section elementor-element elementor-element-8a5b627 elementor-section-full_width elementor-hidden-widescreen elementor-hidden-desktop elementor-hidden-laptop elementor-hidden-tablet_extra elementor-hidden-tablet elementor-section-height-default elementor-section-height-default\" data-id=\"8a5b627\" data-element_type=\"section\">\n\t\t\t\t\t\t<div class=\"elementor-container elementor-column-gap-default\">\n\t\t\t\t\t<div class=\"elementor-column elementor-col-16 elementor-top-column elementor-element elementor-element-d735131\" data-id=\"d735131\" data-element_type=\"column\">\n\t\t\t<div class=\"elementor-widget-wrap\">\n\t\t\t\t\t\t\t<\/div>\n\t\t<\/div>\n\t\t\t\t<div class=\"elementor-column elementor-col-66 elementor-top-column elementor-element elementor-element-2f3ea6e\" data-id=\"2f3ea6e\" data-element_type=\"column\">\n\t\t\t<div class=\"elementor-widget-wrap elementor-element-populated\">\n\t\t\t\t\t\t<div class=\"elementor-element elementor-element-186ae3c elementor-widget elementor-widget-heading\" data-id=\"186ae3c\" data-element_type=\"widget\" data-widget_type=\"heading.default\">\n\t\t\t\t<div class=\"elementor-widget-container\">\n\t\t\t\t\t<h2 class=\"elementor-heading-title elementor-size-default\">Enjoy the luxurious spirit of Cyprus with the best views on the island.<\/h2>\t\t\t\t<\/div>\n\t\t\t\t<\/div>\n\t\t\t\t<div class=\"elementor-element elementor-element-dcfb33d elementor-widget elementor-widget-text-editor\" data-id=\"dcfb33d\" data-element_type=\"widget\" data-widget_type=\"text-editor.default\">\n\t\t\t\t<div class=\"elementor-widget-container\">\n\t\t\t\t\t\t\t\t\t<p class=\"\" data-start=\"0\" data-end=\"361\">Im Herzen des \u00f6stlichen Mittelmeers offenbart Zypern ein seltenes Juwel luxuri\u00f6sen Landlebens: exklusive Anwesen, die landwirtschaftlichen Charme mit erstklassigem Komfort vereinen. Eingebettet in sanfte H\u00fcgellandschaften, umgeben von duftenden Zitrushainen und Olivenb\u00e4umen, pr\u00e4sentieren sich diese Immobilien als wahre Refugien f\u00fcr Kenner erlesener Lebensart.<\/p><p class=\"\" data-start=\"363\" data-end=\"725\">Jedes Anwesen verf\u00fcgt \u00fcber eine eigene, autarke Farm \u2013 biologisch bewirtschaftet, mit ertragreichen Feldern und gepflegten Stallungen. Erg\u00e4nzt wird dieses Ensemble durch einen privaten Zimmerservice, der sich diskret, jedoch aufmerksam, um jedes Bed\u00fcrfnis k\u00fcmmert \u2013 sei es ein Fr\u00fchst\u00fcck im Rosengarten oder ein ma\u00dfgeschneidertes Abendessen unter dem Sternenzelt.<\/p><p class=\"\" data-start=\"727\" data-end=\"1040\">Die wahren Kronjuwelen dieser Domizile sind jedoch die Sonnenunterg\u00e4nge: ein Schauspiel von Gold, Purpur und Azur, das sich Abend f\u00fcr Abend \u00fcber die Weiten des Meeres ergie\u00dft. Von gro\u00dfz\u00fcgigen Terrassen oder Infinity-Pools aus erlebt man das Lichtspiel in vollkommener Stille \u2013 ein meditativer Luxus fern der Welt.<\/p><p class=\"\" data-start=\"1042\" data-end=\"1280\">Diese Anwesen sind keine reinen Immobilien, sie sind ein Versprechen: von Urspr\u00fcnglichkeit, von Noblesse, von einem Leben im Einklang mit Natur und \u00c4sthetik. Ein Zuhause f\u00fcr jene, die das Au\u00dfergew\u00f6hnliche suchen \u2013 und es gefunden haben.<\/p>\t\t\t\t\t\t\t\t<\/div>\n\t\t\t\t<\/div>\n\t\t\t\t\t<\/div>\n\t\t<\/div>\n\t\t\t\t<div class=\"elementor-column elementor-col-16 elementor-top-column elementor-element elementor-element-764bc96\" data-id=\"764bc96\" data-element_type=\"column\">\n\t\t\t<div class=\"elementor-widget-wrap\">\n\t\t\t\t\t\t\t<\/div>\n\t\t<\/div>\n\t\t\t\t\t<\/div>\n\t\t<\/section>\n\t\t\t\t<\/div>\n\t\t","protected":false},"excerpt":{"rendered":"<p>Enjoy the luxurious spirit of Cyprus with the best views on the island. Im Herzen des \u00f6stlichen Mittelmeers offenbart Zypern [&hellip;]<\/p>\n","protected":false},"author":1,"featured_media":0,"parent":0,"menu_order":0,"comment_status":"closed","ping_status":"closed","template":"","meta":{"site-sidebar-layout":"no-sidebar","site-content-layout":"","ast-site-content-layout":"full-width-container","site-content-style":"default","site-sidebar-style":"default","ast-global-header-display":"","ast-banner-title-visibility":"","ast-main-header-display":"","ast-hfb-above-header-display":"","ast-hfb-below-header-display":"","ast-hfb-mobile-header-display":"","site-post-title":"disabled","ast-breadcrumbs-content":"","ast-featured-img":"disabled","footer-sml-layout":"","theme-transparent-header-meta":"","adv-header-id-meta":"","stick-header-meta":"","header-above-stick-meta":"","header-main-stick-meta":"","header-below-stick-meta":"","astra-migrate-meta-layouts":"default","ast-page-background-enabled":"default","ast-page-background-meta":{"desktop":{"background-color":"var(--ast-global-color-5)","background-image":"","background-repeat":"repeat","background-position":"center center","background-size":"auto","background-attachment":"scroll","background-type":"","background-media":"","overlay-type":"","overlay-color":"","overlay-opacity":"","overlay-gradient":""},"tablet":{"background-color":"","background-image":"","background-repeat":"repeat","background-position":"center center","background-size":"auto","background-attachment":"scroll","background-type":"","background-media":"","overlay-type":"","overlay-color":"","overlay-opacity":"","overlay-gradient":""},"mobile":{"background-color":"","background-image":"","background-repeat":"repeat","background-position":"center center","background-size":"auto","background-attachment":"scroll","background-type":"","background-media":"","overlay-type":"","overlay-color":"","overlay-opacity":"","overlay-gradient":""}},"ast-content-background-meta":{"desktop":{"background-color":"var(--ast-global-color-4)","background-image":"","background-repeat":"repeat","background-position":"center center","background-size":"auto","background-attachment":"scroll","background-type":"","background-media":"","overlay-type":"","overlay-color":"","overlay-opacity":"","overlay-gradient":""},"tablet":{"background-color":"var(--ast-global-color-4)","background-image":"","background-repeat":"repeat","background-position":"center center","background-size":"auto","background-attachment":"scroll","background-type":"","background-media":"","overlay-type":"","overlay-color":"","overlay-opacity":"","overlay-gradient":""},"mobile":{"background-color":"var(--ast-global-color-4)","background-image":"","background-repeat":"repeat","background-position":"center center","background-size":"auto","background-attachment":"scroll","background-type":"","background-media":"","overlay-type":"","overlay-color":"","overlay-opacity":"","overlay-gradient":""}},"footnotes":""},"class_list":["post-440","page","type-page","status-publish","hentry"],"yoast_head":"<!-- This site is optimized with the Yoast SEO plugin v24.9 - https:\/\/yoast.com\/wordpress\/plugins\/seo\/ -->\n<title>About - Enjoy the luxurious spirit of Cyprus with the best views on the island.<\/title>\n<meta name=\"robots\" content=\"index, follow, max-snippet:-1, max-image-preview:large, max-video-preview:-1\" \/>\n<link rel=\"canonical\" href=\"https:\/\/premiumpropertiescyprus.com\/?page_id=440\" \/>\n<meta property=\"og:locale\" content=\"de_DE\" \/>\n<meta property=\"og:type\" content=\"article\" \/>\n<meta property=\"og:title\" content=\"About - Enjoy the luxurious spirit of Cyprus with the best views on the island.\" \/>\n<meta property=\"og:description\" content=\"Enjoy the luxurious spirit of Cyprus with the best views on the island. Im Herzen des \u00f6stlichen Mittelmeers offenbart Zypern [&hellip;]\" \/>\n<meta property=\"og:url\" content=\"https:\/\/premiumpropertiescyprus.com\/?page_id=440\" \/>\n<meta property=\"og:site_name\" content=\"Enjoy the luxurious spirit of Cyprus with the best views on the island.\" \/>\n<meta property=\"article:modified_time\" content=\"2025-05-05T06:31:07+00:00\" \/>\n<meta name=\"twitter:card\" content=\"summary_large_image\" \/>\n<meta name=\"twitter:label1\" content=\"Gesch\u00e4tzte Lesezeit\" \/>\n\t<meta name=\"twitter:data1\" content=\"3\u00a0Minuten\" \/>\n<script type=\"application\/ld+json\" class=\"yoast-schema-graph\">{\"@context\":\"https:\/\/schema.org\",\"@graph\":[{\"@type\":\"WebPage\",\"@id\":\"https:\/\/premiumpropertiescyprus.com\/?page_id=440\",\"url\":\"https:\/\/premiumpropertiescyprus.com\/?page_id=440\",\"name\":\"About - Enjoy the luxurious spirit of Cyprus with the best views on the island.\",\"isPartOf\":{\"@id\":\"https:\/\/premiumpropertiescyprus.com\/#website\"},\"datePublished\":\"2025-04-24T08:06:42+00:00\",\"dateModified\":\"2025-05-05T06:31:07+00:00\",\"breadcrumb\":{\"@id\":\"https:\/\/premiumpropertiescyprus.com\/?page_id=440#breadcrumb\"},\"inLanguage\":\"de\",\"potentialAction\":[{\"@type\":\"ReadAction\",\"target\":[\"https:\/\/premiumpropertiescyprus.com\/?page_id=440\"]}]},{\"@type\":\"BreadcrumbList\",\"@id\":\"https:\/\/premiumpropertiescyprus.com\/?page_id=440#breadcrumb\",\"itemListElement\":[{\"@type\":\"ListItem\",\"position\":1,\"name\":\"Home\",\"item\":\"https:\/\/premiumpropertiescyprus.com\/\"},{\"@type\":\"ListItem\",\"position\":2,\"name\":\"About\"}]},{\"@type\":\"WebSite\",\"@id\":\"https:\/\/premiumpropertiescyprus.com\/#website\",\"url\":\"https:\/\/premiumpropertiescyprus.com\/\",\"name\":\"Enjoy the luxurious spirit of Cyprus with the best views on the island.\",\"description\":\"\",\"publisher\":{\"@id\":\"https:\/\/premiumpropertiescyprus.com\/#organization\"},\"potentialAction\":[{\"@type\":\"SearchAction\",\"target\":{\"@type\":\"EntryPoint\",\"urlTemplate\":\"https:\/\/premiumpropertiescyprus.com\/?s={search_term_string}\"},\"query-input\":{\"@type\":\"PropertyValueSpecification\",\"valueRequired\":true,\"valueName\":\"search_term_string\"}}],\"inLanguage\":\"de\"},{\"@type\":\"Organization\",\"@id\":\"https:\/\/premiumpropertiescyprus.com\/#organization\",\"name\":\"Enjoy the luxurious spirit of Cyprus with the best views on the island.\",\"url\":\"https:\/\/premiumpropertiescyprus.com\/\",\"logo\":{\"@type\":\"ImageObject\",\"inLanguage\":\"de\",\"@id\":\"https:\/\/premiumpropertiescyprus.com\/#\/schema\/logo\/image\/\",\"url\":\"https:\/\/premiumpropertiescyprus.com\/wp-content\/uploads\/2025\/04\/premiumpropertiescyprus.png\",\"contentUrl\":\"https:\/\/premiumpropertiescyprus.com\/wp-content\/uploads\/2025\/04\/premiumpropertiescyprus.png\",\"caption\":\"Enjoy the luxurious spirit of Cyprus with the best views on the island.\"},\"image\":{\"@id\":\"https:\/\/premiumpropertiescyprus.com\/#\/schema\/logo\/image\/\"}}]}<\/script>\n<!-- \/ Yoast SEO plugin. -->","yoast_head_json":{"title":"About - Enjoy the luxurious spirit of Cyprus with the best views on the island.","robots":{"index":"index","follow":"follow","max-snippet":"max-snippet:-1","max-image-preview":"max-image-preview:large","max-video-preview":"max-video-preview:-1"},"canonical":"https:\/\/premiumpropertiescyprus.com\/?page_id=440","og_locale":"de_DE","og_type":"article","og_title":"About - Enjoy the luxurious spirit of Cyprus with the best views on the island.","og_description":"Enjoy the luxurious spirit of Cyprus with the best views on the island. Im Herzen des \u00f6stlichen Mittelmeers offenbart Zypern [&hellip;]","og_url":"https:\/\/premiumpropertiescyprus.com\/?page_id=440","og_site_name":"Enjoy the luxurious spirit of Cyprus with the best views on the island.","article_modified_time":"2025-05-05T06:31:07+00:00","twitter_card":"summary_large_image","twitter_misc":{"Gesch\u00e4tzte Lesezeit":"3\u00a0Minuten"},"schema":{"@context":"https:\/\/schema.org","@graph":[{"@type":"WebPage","@id":"https:\/\/premiumpropertiescyprus.com\/?page_id=440","url":"https:\/\/premiumpropertiescyprus.com\/?page_id=440","name":"About - Enjoy the luxurious spirit of Cyprus with the best views on the island.","isPartOf":{"@id":"https:\/\/premiumpropertiescyprus.com\/#website"},"datePublished":"2025-04-24T08:06:42+00:00","dateModified":"2025-05-05T06:31:07+00:00","breadcrumb":{"@id":"https:\/\/premiumpropertiescyprus.com\/?page_id=440#breadcrumb"},"inLanguage":"de","potentialAction":[{"@type":"ReadAction","target":["https:\/\/premiumpropertiescyprus.com\/?page_id=440"]}]},{"@type":"BreadcrumbList","@id":"https:\/\/premiumpropertiescyprus.com\/?page_id=440#breadcrumb","itemListElement":[{"@type":"ListItem","position":1,"name":"Home","item":"https:\/\/premiumpropertiescyprus.com\/"},{"@type":"ListItem","position":2,"name":"About"}]},{"@type":"WebSite","@id":"https:\/\/premiumpropertiescyprus.com\/#website","url":"https:\/\/premiumpropertiescyprus.com\/","name":"Enjoy the luxurious spirit of Cyprus with the best views on the island.","description":"","publisher":{"@id":"https:\/\/premiumpropertiescyprus.com\/#organization"},"potentialAction":[{"@type":"SearchAction","target":{"@type":"EntryPoint","urlTemplate":"https:\/\/premiumpropertiescyprus.com\/?s={search_term_string}"},"query-input":{"@type":"PropertyValueSpecification","valueRequired":true,"valueName":"search_term_string"}}],"inLanguage":"de"},{"@type":"Organization","@id":"https:\/\/premiumpropertiescyprus.com\/#organization","name":"Enjoy the luxurious spirit of Cyprus with the best views on the island.","url":"https:\/\/premiumpropertiescyprus.com\/","logo":{"@type":"ImageObject","inLanguage":"de","@id":"https:\/\/premiumpropertiescyprus.com\/#\/schema\/logo\/image\/","url":"https:\/\/premiumpropertiescyprus.com\/wp-content\/uploads\/2025\/04\/premiumpropertiescyprus.png","contentUrl":"https:\/\/premiumpropertiescyprus.com\/wp-content\/uploads\/2025\/04\/premiumpropertiescyprus.png","caption":"Enjoy the luxurious spirit of Cyprus with the best views on the island."},"image":{"@id":"https:\/\/premiumpropertiescyprus.com\/#\/schema\/logo\/image\/"}}]}},"_links":{"self":[{"href":"https:\/\/premiumpropertiescyprus.com\/index.php?rest_route=\/wp\/v2\/pages\/440","targetHints":{"allow":["GET"]}}],"collection":[{"href":"https:\/\/premiumpropertiescyprus.com\/index.php?rest_route=\/wp\/v2\/pages"}],"about":[{"href":"https:\/\/premiumpropertiescyprus.com\/index.php?rest_route=\/wp\/v2\/types\/page"}],"author":[{"embeddable":true,"href":"https:\/\/premiumpropertiescyprus.com\/index.php?rest_route=\/wp\/v2\/users\/1"}],"replies":[{"embeddable":true,"href":"https:\/\/premiumpropertiescyprus.com\/index.php?rest_route=%2Fwp%2Fv2%2Fcomments&post=440"}],"version-history":[{"count":15,"href":"https:\/\/premiumpropertiescyprus.com\/index.php?rest_route=\/wp\/v2\/pages\/440\/revisions"}],"predecessor-version":[{"id":617,"href":"https:\/\/premiumpropertiescyprus.com\/index.php?rest_route=\/wp\/v2\/pages\/440\/revisions\/617"}],"wp:attachment":[{"href":"https:\/\/premiumpropertiescyprus.com\/index.php?rest_route=%2Fwp%2Fv2%2Fmedia&parent=440"}],"curies":[{"name":"wp","href":"https:\/\/api.w.org\/{rel}","templated":true}]}}